{"id":223,"date":"2018-03-18T11:11:03","date_gmt":"2018-03-18T08:11:03","guid":{"rendered":"http:\/\/marlodge.fi\/?page_id=223"},"modified":"2018-03-18T21:12:42","modified_gmt":"2018-03-18T18:12:42","slug":"tervetuloa-perinneyhteisojen-yhteiseen-tapahtumakalenteriin","status":"publish","type":"page","link":"https:\/\/marlodge.fi\/?page_id=223","title":{"rendered":"Kalenteri"},"content":{"rendered":"<h2>Tervetuloa perinneyhteis\u00f6jen yhteiseen tapahtumakalenteriin!<\/h2>\n<p>Seuraavat perinneyhteis\u00f6t julkaisevat tapahtumatietoja t\u00e4ss\u00e4 kalenterissa:<\/p>\n<ul>\n<li>J\u00e4rjest\u00f6 A<img loading=\"lazy\" class=\"size-full wp-image-249 alignright\" src=\"http:\/\/marlodge.fi\/wp-content\/uploads\/2018\/03\/images_suojeluskuntajarjesto_suojeluskunnat_koulutus_talvi_1.png\" alt=\"\" width=\"400\" height=\"265\" srcset=\"https:\/\/marlodge.fi\/wp-content\/uploads\/2018\/03\/images_suojeluskuntajarjesto_suojeluskunnat_koulutus_talvi_1.png 400w, https:\/\/marlodge.fi\/wp-content\/uploads\/2018\/03\/images_suojeluskuntajarjesto_suojeluskunnat_koulutus_talvi_1-300x199.png 300w\" sizes=\"(max-width: 400px) 100vw, 400px\" \/><\/li>\n<li>J\u00e4rjest\u00f6 B<\/li>\n<li>J\u00e4rjest\u00f6 C<\/li>\n<li>jne<\/li>\n<\/ul>\n","protected":false},"excerpt":{"rendered":"<p>Tervetuloa perinneyhteis\u00f6jen yhteiseen tapahtumakalenteriin! Seuraavat perinneyhteis\u00f6t julkaisevat tapahtumatietoja t\u00e4ss\u00e4 kalenterissa: J\u00e4rjest\u00f6 A J\u00e4rjest\u00f6 B J\u00e4rjest\u00f6 C jne<\/p>\n","protected":false},"author":1,"featured_media":0,"parent":0,"menu_order":0,"comment_status":"closed","ping_status":"closed","template":"","meta":{"spay_email":""},"_links":{"self":[{"href":"https:\/\/marlodge.fi\/index.php?rest_route=\/wp\/v2\/pages\/223"}],"collection":[{"href":"https:\/\/marlodge.fi\/index.php?rest_route=\/wp\/v2\/pages"}],"about":[{"href":"https:\/\/marlodge.fi\/index.php?rest_route=\/wp\/v2\/types\/page"}],"author":[{"embeddable":true,"href":"https:\/\/marlodge.fi\/index.php?rest_route=\/wp\/v2\/users\/1"}],"replies":[{"embeddable":true,"href":"https:\/\/marlodge.fi\/index.php?rest_route=%2Fwp%2Fv2%2Fcomments&post=223"}],"version-history":[{"count":9,"href":"https:\/\/marlodge.fi\/index.php?rest_route=\/wp\/v2\/pages\/223\/revisions"}],"predecessor-version":[{"id":251,"href":"https:\/\/marlodge.fi\/index.php?rest_route=\/wp\/v2\/pages\/223\/revisions\/251"}],"wp:attachment":[{"href":"https:\/\/marlodge.fi\/index.php?rest_route=%2Fwp%2Fv2%2Fmedia&parent=223"}],"curies":[{"name":"wp","href":"https:\/\/api.w.org\/{rel}","templated":true}]}}